{"id":887,"date":"2023-07-24T08:37:19","date_gmt":"2023-07-24T07:37:19","guid":{"rendered":"https:\/\/smspere.com\/?post_type=product&#038;p=887"},"modified":"2024-10-07T02:01:14","modified_gmt":"2024-10-07T01:01:14","slug":"pneumatica","status":"publish","type":"product","link":"https:\/\/smspere.com\/es\/producto\/neumatica\/","title":{"rendered":"NEUM\u00c1TICA"},"content":{"rendered":"","protected":false},"excerpt":{"rendered":"<p>Cilindros, v\u00e1lvulas, racores y regulaci\u00f3n.<\/p>","protected":false},"featured_media":888,"comment_status":"open","ping_status":"closed","template":"","meta":[],"product_brand":[],"product_cat":[40],"product_tag":[],"class_list":{"0":"post-887","1":"product","2":"type-product","3":"status-publish","4":"has-post-thumbnail","6":"product_cat-automatitzacio-i-control","8":"first","9":"instock","10":"taxable","11":"shipping-taxable","12":"product-type-simple"},"_links":{"self":[{"href":"https:\/\/smspere.com\/es\/wp-json\/wp\/v2\/product\/887","targetHints":{"allow":["GET"]}}],"collection":[{"href":"https:\/\/smspere.com\/es\/wp-json\/wp\/v2\/product"}],"about":[{"href":"https:\/\/smspere.com\/es\/wp-json\/wp\/v2\/types\/product"}],"replies":[{"embeddable":true,"href":"https:\/\/smspere.com\/es\/wp-json\/wp\/v2\/comments?post=887"}],"wp:featuredmedia":[{"embeddable":true,"href":"https:\/\/smspere.com\/es\/wp-json\/wp\/v2\/media\/888"}],"wp:attachment":[{"href":"https:\/\/smspere.com\/es\/wp-json\/wp\/v2\/media?parent=887"}],"wp:term":[{"taxonomy":"product_brand","embeddable":true,"href":"https:\/\/smspere.com\/es\/wp-json\/wp\/v2\/product_brand?post=887"},{"taxonomy":"product_cat","embeddable":true,"href":"https:\/\/smspere.com\/es\/wp-json\/wp\/v2\/product_cat?post=887"},{"taxonomy":"product_tag","embeddable":true,"href":"https:\/\/smspere.com\/es\/wp-json\/wp\/v2\/product_tag?post=887"}],"curies":[{"name":"wp","href":"https:\/\/api.w.org\/{rel}","templated":true}]}}