{"id":881,"date":"2023-07-24T08:35:07","date_gmt":"2023-07-24T07:35:07","guid":{"rendered":"https:\/\/smspere.com\/?post_type=product&#038;p=881"},"modified":"2024-10-07T02:01:14","modified_gmt":"2024-10-07T01:01:14","slug":"periferia-busos-de-camp-i-comunicacio","status":"publish","type":"product","link":"https:\/\/smspere.com\/es\/producto\/periferia-buses-de-campo-y-comunicacion\/","title":{"rendered":"PERIFERIA, BUSES DE CAMPO Y COMUNICACI\u00d3N"},"content":{"rendered":"","protected":false},"excerpt":{"rendered":"<p>M\u00f3dulos Wireless industriales, pasarelas de comunicaci\u00f3n, conexiones GSM\/3G\/4G y VPNs.<\/p>","protected":false},"featured_media":882,"comment_status":"open","ping_status":"closed","template":"","meta":[],"product_brand":[],"product_cat":[40],"product_tag":[],"class_list":{"0":"post-881","1":"product","2":"type-product","3":"status-publish","4":"has-post-thumbnail","6":"product_cat-automatitzacio-i-control","8":"first","9":"instock","10":"taxable","11":"shipping-taxable","12":"product-type-simple"},"_links":{"self":[{"href":"https:\/\/smspere.com\/es\/wp-json\/wp\/v2\/product\/881","targetHints":{"allow":["GET"]}}],"collection":[{"href":"https:\/\/smspere.com\/es\/wp-json\/wp\/v2\/product"}],"about":[{"href":"https:\/\/smspere.com\/es\/wp-json\/wp\/v2\/types\/product"}],"replies":[{"embeddable":true,"href":"https:\/\/smspere.com\/es\/wp-json\/wp\/v2\/comments?post=881"}],"wp:featuredmedia":[{"embeddable":true,"href":"https:\/\/smspere.com\/es\/wp-json\/wp\/v2\/media\/882"}],"wp:attachment":[{"href":"https:\/\/smspere.com\/es\/wp-json\/wp\/v2\/media?parent=881"}],"wp:term":[{"taxonomy":"product_brand","embeddable":true,"href":"https:\/\/smspere.com\/es\/wp-json\/wp\/v2\/product_brand?post=881"},{"taxonomy":"product_cat","embeddable":true,"href":"https:\/\/smspere.com\/es\/wp-json\/wp\/v2\/product_cat?post=881"},{"taxonomy":"product_tag","embeddable":true,"href":"https:\/\/smspere.com\/es\/wp-json\/wp\/v2\/product_tag?post=881"}],"curies":[{"name":"wp","href":"https:\/\/api.w.org\/{rel}","templated":true}]}}