{"id":847,"date":"2023-07-24T08:10:44","date_gmt":"2023-07-24T07:10:44","guid":{"rendered":"https:\/\/smspere.com\/?post_type=product&#038;p=847"},"modified":"2024-10-07T02:01:14","modified_gmt":"2024-10-07T01:01:14","slug":"lampades","status":"publish","type":"product","link":"https:\/\/smspere.com\/es\/producto\/lamparas\/","title":{"rendered":"L\u00c1MPARAS y PROYECTORES"},"content":{"rendered":"","protected":false},"excerpt":{"rendered":"<p class=\"p1\">Completa gama de l\u00e1mparas LED <span class=\"s1\">que abarca<\/span> desde modelos cl\u00e1sicos hasta los dise\u00f1os m\u00e1s novedosos.<\/p>","protected":false},"featured_media":1559,"comment_status":"open","ping_status":"closed","template":"","meta":[],"product_brand":[],"product_cat":[39],"product_tag":[],"class_list":{"0":"post-847","1":"product","2":"type-product","3":"status-publish","4":"has-post-thumbnail","6":"product_cat-illuminacio","8":"first","9":"instock","10":"taxable","11":"shipping-taxable","12":"product-type-simple"},"_links":{"self":[{"href":"https:\/\/smspere.com\/es\/wp-json\/wp\/v2\/product\/847","targetHints":{"allow":["GET"]}}],"collection":[{"href":"https:\/\/smspere.com\/es\/wp-json\/wp\/v2\/product"}],"about":[{"href":"https:\/\/smspere.com\/es\/wp-json\/wp\/v2\/types\/product"}],"replies":[{"embeddable":true,"href":"https:\/\/smspere.com\/es\/wp-json\/wp\/v2\/comments?post=847"}],"wp:featuredmedia":[{"embeddable":true,"href":"https:\/\/smspere.com\/es\/wp-json\/wp\/v2\/media\/1559"}],"wp:attachment":[{"href":"https:\/\/smspere.com\/es\/wp-json\/wp\/v2\/media?parent=847"}],"wp:term":[{"taxonomy":"product_brand","embeddable":true,"href":"https:\/\/smspere.com\/es\/wp-json\/wp\/v2\/product_brand?post=847"},{"taxonomy":"product_cat","embeddable":true,"href":"https:\/\/smspere.com\/es\/wp-json\/wp\/v2\/product_cat?post=847"},{"taxonomy":"product_tag","embeddable":true,"href":"https:\/\/smspere.com\/es\/wp-json\/wp\/v2\/product_tag?post=847"}],"curies":[{"name":"wp","href":"https:\/\/api.w.org\/{rel}","templated":true}]}}