{"id":1780,"date":"2023-09-27T17:06:47","date_gmt":"2023-09-27T16:06:47","guid":{"rendered":"https:\/\/smspere.com\/producte\/caixa-de-distribucio\/"},"modified":"2023-09-27T17:19:11","modified_gmt":"2023-09-27T16:19:11","slug":"caixa-de-distribucio","status":"publish","type":"product","link":"https:\/\/smspere.com\/es\/producto\/caja-de-distribucion\/","title":{"rendered":"Caja de distribuci\u00f3n"},"content":{"rendered":"<p>Caja de distribuci\u00f3n el\u00e9ctrica para 8 circuitos, IP65<\/p>","protected":false},"excerpt":{"rendered":"<p>Caja de distribuci\u00f3n el\u00e9ctrica para 8 circuitos, IP65<\/p>","protected":false},"featured_media":0,"comment_status":"open","ping_status":"closed","template":"","meta":[],"product_brand":[],"product_cat":[55,30],"product_tag":[],"class_list":{"0":"post-1780","1":"product","2":"type-product","3":"status-publish","5":"product_cat-productes-venta-online","6":"product_cat-sense-categoria","8":"first","9":"instock","10":"taxable","11":"shipping-taxable","12":"purchasable","13":"product-type-simple"},"_links":{"self":[{"href":"https:\/\/smspere.com\/es\/wp-json\/wp\/v2\/product\/1780","targetHints":{"allow":["GET"]}}],"collection":[{"href":"https:\/\/smspere.com\/es\/wp-json\/wp\/v2\/product"}],"about":[{"href":"https:\/\/smspere.com\/es\/wp-json\/wp\/v2\/types\/product"}],"replies":[{"embeddable":true,"href":"https:\/\/smspere.com\/es\/wp-json\/wp\/v2\/comments?post=1780"}],"wp:attachment":[{"href":"https:\/\/smspere.com\/es\/wp-json\/wp\/v2\/media?parent=1780"}],"wp:term":[{"taxonomy":"product_brand","embeddable":true,"href":"https:\/\/smspere.com\/es\/wp-json\/wp\/v2\/product_brand?post=1780"},{"taxonomy":"product_cat","embeddable":true,"href":"https:\/\/smspere.com\/es\/wp-json\/wp\/v2\/product_cat?post=1780"},{"taxonomy":"product_tag","embeddable":true,"href":"https:\/\/smspere.com\/es\/wp-json\/wp\/v2\/product_tag?post=1780"}],"curies":[{"name":"wp","href":"https:\/\/api.w.org\/{rel}","templated":true}]}}